{"id":1297,"date":"2021-03-01T13:11:17","date_gmt":"2021-03-01T13:11:17","guid":{"rendered":"https:\/\/www.merkjemerk.nl\/?page_id=1297"},"modified":"2021-03-01T13:12:32","modified_gmt":"2021-03-01T13:12:32","slug":"algemene-voorwaarden-merk-je-merk","status":"publish","type":"page","link":"https:\/\/merkjemerk.nl\/2020\/algemene-voorwaarden-merk-je-merk\/","title":{"rendered":"Algemene voorwaarden Merk je Merk"},"content":{"rendered":"<p><strong>\u00a0ARTIKEL 1. DEFINITIES EN BEGRIPPEN<\/strong><\/p>\n<p><strong>1.1<\/strong>\u00a0Klant: de persoon of personen ten behoeve van wie Merk je Merk haar diensten verleent. De opdrachtgever en de klant kunnen dezelfde zijn maar dit behoeft niet zo te zijn.<\/p>\n<p><strong>1.2<\/strong>\u00a0Opdrachtgever: de persoon of instantie, dan wel haar eventuele rechtsopvolger(s), die een opdracht aan Merk je Merk heeft verstrekt voor het leveren van haar diensten. De opdrachtgever is, tenzij uitdrukkelijk andere schriftelijke afspraken met Merk je Merk zijn gemaakt, degene die gehouden is tot betaling van de overeengekomen prijs voor de dienstverlening van Merk je Merk.<\/p>\n<p><strong>1.3<\/strong>\u00a0Merk je Merk: ingeschreven bij de Kamer van Koophandel te Roermond onder nummer 55644481 levert Merk je Merk diensten op het gebied van consultancy, trainingen, workshops, marketing, evenementen en projecten.<\/p>\n<p><strong>1.4<\/strong>\u00a0Derden: in voorkomende gevallen kan Merk je Merk haar diensten (mede) met behulp van door haar ingeschakelde derden leveren. Merk je Merk kan te allen tijde de samenstelling van een team wijzigen, indien zij meent dat dit voor een goede uitvoering of continu\u00efteit van haar dienstverlening noodzakelijk is.<\/p>\n<p><strong>1.5<\/strong>\u00a0Opdrachtsom: het totaal overeengekomen bedrag van de opdracht, benoemd in de getekende opdrachtbevestiging of in de, door de opdrachtgever voor akkoord verklaarde, offerte of programma-of trainingsvoorstel.<\/p>\n<p><strong>ARTIKEL 2. TOEPASSELIJKHEID VAN DEZE ALGEMENE VOORWAARDEN<\/strong><\/p>\n<p><strong>2.1<\/strong>\u00a0Deze Algemene Voorwaarden zijn van toepassing op alle aanbiedingen, offertes, opdrachten, werkzaamheden verricht door en overeenkomsten gesloten met Merk je Merk.<\/p>\n<p><strong>2.2<\/strong>\u00a0Deze voorwaarden zijn ook van toepassing op opdrachten met opdrachtnemer, waarbij derden betrokken worden.<\/p>\n<p><strong>2.3<\/strong>\u00a0Als \u00e9\u00e9n of meerdere van de bepalingen in deze Algemene Voorwaarden vervallen, blijven de overige bepalingen van deze Algemene Voorwaarden van toepassing. Partijen zullen in dat geval overleg plegen om vervangende bepalingen overeen te komen, waarbij voor zover mogelijk van het doel en de strekking van de oorspronkelijke bepaling wordt uitgegaan.<\/p>\n<p><strong>2.4<\/strong>\u00a0Merk je Merk behoudt zich het recht voor deze Algemene Voorwaarden in de toekomst aan te passen of te wijzigen.<\/p>\n<p><strong>ARTIKEL 3. OPDRACHTVERLENING<\/strong><\/p>\n<p><strong>3.1<\/strong>\u00a0Offertes van Merk je Merk zijn uitsluitend gebaseerd op de informatie die aan haar door een (toekomstige) opdrachtgever is verstrekt. De opdrachtgever staat er voor in dat door hem\/haar, naar beste eer en geweten, alle relevante informatie voor het maken van de offerte en voor de opzet en uitvoering van de opdracht aan Merk je Merk is verstrekt. Wanneer deze informatie op enig moment onjuist en\/of onvolledig blijkt te zijn geweest, behoudt Merk je Merk zich het recht voor de, met de opdrachtgever overeengekomen, opdrachtsom voor de door Merk je Merk te leveren diensten alsdan eenzijdig en\/of tussentijds aan te passen.<\/p>\n<p><strong>3.2<\/strong>\u00a0Een samengestelde prijsopgave verplicht Merk je Merk niet tot het verrichten van een gedeelte van de opdracht tegen een overeenkomstig deel van de overeengekomen opdrachtsom.<\/p>\n<p><strong>3.3<\/strong>\u00a0Een opdracht wordt verleend door middel van het ondertekend retourneren van een overeenkomst die is uitgebracht door Merk je Merk, dan wel door het schriftelijk e\/o per email akkoord geven op de digitaal gestuurde offerte. Daarmee wordt deze digitale offerte tevens de opdrachtbevestiging.<\/p>\n<p><strong>3.4<\/strong>\u00a0Het ontbreken van een schriftelijke accordering van de door Merk je Merk uitgebrachte offerte of overeenkomst laat onverlet dat de opdrachtgever wordt geacht aan Merk je Merk, conform de condities van de offerte, opdracht te hebben verleend, wanneer en zodra met de feitelijke dienstverlening door Merk je Merk een aanvang is gemaakt.<\/p>\n<p><strong>ARTIKEL 4. TUSSENTIJDSE WIJZIGING IN DE OPDRACHT<\/strong><\/p>\n<p><strong>4.1<\/strong>\u00a0Indien een tussentijdse wijziging van de opdracht of opdrachtuitvoering ontstaat op verzoek van of door toedoen van de opdrachtgever, zal Merk je Merk de noodzakelijke aanpassingen indien mogelijk uitvoeren. Indien dit leidt tot meerwerk ten opzichte van de oorspronkelijke opdrachtsom dan zal dit, zonder dat een aparte schriftelijke opdracht vereist is, aanvullend in rekening gebracht worden aan de opdrachtgever. Opdrachtgever heeft zich door het wijzigen van de opdracht op voorhand volledig akkoord verklaard met de financi\u00eble gevolgen hiervan.<\/p>\n<p><strong>ARTIKEL 5. INSPANNINGSVERPLICHTING<\/strong><\/p>\n<p><strong>5.1<\/strong>\u00a0Merk je Merk zal de door haar te leveren diensten naar beste inzicht en vermogen uitvoeren. Het betreft hier echter een inspanningsverplichting hetgeen wil zeggen dat Merk je Merk niet garant staat voor het succes en welslagen van haar dienstverlening noch voor de mate waarin deze dienstverlening bijdraagt aan het door de opdrachtgever en\/of cli\u00ebnt gestelde doel.<\/p>\n<p><strong>ARTIKEL 6. AANBIEDINGEN EN TOTSTANDKOMING VAN DE OVEREENKOMST<\/strong><\/p>\n<p><strong>6.1<\/strong>\u00a0Alle aanbiedingen van Merk je Merk hebben een geldigheidstermijn van 30 dagen vanaf dagtekening, zijn vrijblijvend en kunnen vormvrij worden herroepen. Merk je Merk is niet aan aanbiedingen gebonden indien deze niet binnen 30 dagen vanaf dagtekening van de aanbieding schriftelijk worden aanvaard. Wordt de aanbieding binnen de geldigheidstermijn aanvaard, dan behoudt Merk je Merk zich het recht voor de aanbieding te herroepen binnen vijf werkdagen na ontvangst van de aanvaarding. Aanvaarding van een aanbieding door een opdrachtgever zal schriftelijk e\/o digitaal geschieden, onverlet hetgeen bepaald is in artikel 3.4 en 4.1 van deze Algemene Voorwaarden.<\/p>\n<p><strong>ARTIKEL 7. VERPLICHTINGEN OPDRACHTGEVER<\/strong><\/p>\n<p><strong>7.1<\/strong>\u00a0De opdrachtgever staat er voor in dat het in de opdracht overeengekomen aantal deelnemers ook daadwerkelijk deelneemt aan de met Merk je Merk overeengekomen dienstverlening. Indien het afgesproken aantal uiteindelijk niet deelneemt, is de opdrachtgever desalniettemin de volledige opdrachtsom zoals vermeld in de offerte e\/o opdrachtbevestiging aan Merk je Merk verschuldigd.<\/p>\n<p><strong>7.2<\/strong>\u00a0Indien een deelnemer \/ cli\u00ebnt door onvoorziene omstandigheden niet kan deelnemen, kan deze plaats ingevuld worden door een andere deelnemer, dit uitsluitend na vooraf verkregen toestemming van Merk je Merk. Indien overname van de vrijgevallen plaats niet mogelijk blijkt wordt aan opdrachtgever de volledige opdrachtsom in rekening gebracht, tenzij uitdrukkelijk anders overeengekomen.<\/p>\n<p><strong>7.3<\/strong>\u00a0De opdrachtgever verstrekt alle benodigde informatie, documenten en gegevens die Merk je Merk nodig heeft om de opdracht volgens afspraak uit te voeren. Als Merk je Merk daarom verzoekt, verschaft de opdrachtgever aan Merk je Merk op zijn\/haar locatie kosteloos een werkruimte met telefoon- en\/of internetaansluiting.<\/p>\n<p><strong>7.4<\/strong>\u00a0Het betrekken of inschakelen van derden bij een opdrachtuitvoering door de opdrachtgever kan uitsluitend na voorafgaande schriftelijke toestemming van Merk je Merk.<\/p>\n<p><strong>ARTIKEL 8. TARIEVEN, KOSTEN EN PRIJZEN<\/strong><\/p>\n<p><strong>8.1<\/strong>\u00a0In de offerte van Merk je Merk staat steeds duidelijk aangegeven welke tarieven en kosten er door Merk je Merk voor de daarin benoemde werkzaamheden in rekening zullen worden gebracht.<\/p>\n<p><strong>8.2<\/strong>\u00a0De prijzen in offertes, opdrachten en andere publicaties zijn exclusief BTW, exclusief van overheidswege opgelegde heffingen en exclusief andere voor de opdracht te maken of gemaakte kosten, zoals bijvoorbeeld maar niet uitsluitend verzend- en administratiekosten en reiskosten, tenzij anders is aangegeven.<\/p>\n<p><strong>ARTIKEL 9. FACTURERING EN BETALINGSVOORWAARDEN<\/strong><\/p>\n<p><strong>9.1<\/strong>\u00a0Het honorarium van Merk je Merk en de door haar aan opdrachtgever doorbelaste kosten, worden door Merk je Merk steeds door middel van een schriftelijke of digitale factuur aan de opdrachtgever in rekening gebracht. Ter keuze van Merk je Merk kan het gehele bedrag van de opdracht dan wel een gedeelte daarvan op voorschotbasis worden gefactureerd.<\/p>\n<p><strong>9.2<\/strong>\u00a0Betaling door de opdrachtgever dient steeds te geschieden binnen 14 dagen na de factuurdatum, tenzij anders vermeld in de offerte of op de factuur.<\/p>\n<p><strong>9.3<\/strong>\u00a0Na deze vervaldag is de opdrachtgever in verzuim en is zij aan Merk je Merk over het bedrag van de factuur de wettelijke rente verschuldigd, zonder dat enige ingebrekestelling is vereist. Indien betaling achterwege blijft, kan de opdracht bovendien eenzijdig door Merk je Merk worden opgeschort, dit zonder dat Merk je Merk dientengevolge jegens opdrachtgever schadeplichtig kan worden. Bovendien is Merk je Merk in dat geval gerechtigd de overeenkomst eenzijdig buitengerechtelijk te ontbinden.<\/p>\n<p><strong>9.4<\/strong>\u00a0Is de opdrachtgever in verzuim met betrekking tot de betaling aan Merk je Merk of schiet de opdrachtgever op een andere manier tekort in het nakomen van een of meerdere op haar rustende verplichtingen, dan komen alle in verband daarmee door Merk je Merk te maken (incasso- en andere gerechtelijke of buitengerechtelijk) kosten voor rekening van de opdrachtgever, steeds met een minimum van 25% van de overeengekomen opdrachtsom.<\/p>\n<p><strong>9.5<\/strong>\u00a0Bij overeengekomen periodieke betalingen is betaling v\u00f3\u00f3r de vervaldatum op de (deel)factuur verplicht. Indien opdrachtgever in verzuim is met betrekking tot de betaling van de deelfactuur, dan is Merk je Merk gerechtigd het volledige bedrag op te eisen.<\/p>\n<p><strong>9.6<\/strong>\u00a0Betaling in delen kan slechts na akkoord van en bevestiging door Merk je Merk plaatsvinden. Indien de deelbetalingen niet tijdig plaatsvinden is Merk je Merk gerechtigd om de wettelijke rente voor bedrijven te vorderen over het bedrag dat te laat voldaan is.<\/p>\n<p><strong>ARTIKEL 10. ANNULERINGSVOORWAARDEN<\/strong><\/p>\n<p><strong>10.1<\/strong>\u00a0Indien de opdracht, om redenen die niet aan Merk je Merk toe te rekenen zijn, door opdrachtgever niet wordt afgenomen op het overeengekomen tijdstip dan gelden de volgende annuleringsvoorwaarden:<\/p>\n<p>&nbsp;<\/p>\n<p><strong>Vb.1:<\/strong>\u00a0een deelnemer annuleert op dinsdag een workshop of training die op de vrijdag aansluitend gehouden zou worden. De annuleringskosten bedragen 100%, te weten cel C\/10.3<\/p>\n<p><strong>Vb.2:<\/strong>\u00a0een geplande halve dag coaching wordt door de klant 4 dagen van tevoren geannuleerd. De annuleringskosten bedragen dan 25% van het overeengekomen tarief. Zie cel D\/10.6<\/p>\n<p><strong>Vb.3:<\/strong>\u00a0een coaching afspraak van 1 uur voor woensdagmiddag wordt op de maandag ervoor geannuleerd. De annuleringskosten zijn nihil. Was de afspraak pas op dinsdag geannuleerd dan bedragen de annuleringskosten 100%. Zie respectievelijk del C\/10.5 en B\/10.5<\/p>\n<p><strong>ARTIKEL 11. DUUR EN AFSLUITING VAN DE OPDRACHT<\/strong><\/p>\n<p><strong>11.1<\/strong>\u00a0De duur van de opdracht hangt af van de soort dienstverlening en wordt zoveel mogelijk tevoren overeengekomen in de opdrachtbevestiging. In de opdrachtbevestiging wordt indien mogelijk een inschatting van de duur van de opdracht en van het aantal te houden sessies gegeven.<\/p>\n<p><strong>11.2<\/strong>\u00a0Na het verstrijken van de duur van de opdracht kan geen aanspraak meer gemaakt worden op niet of nog niet opgenomen onderdelen van de opdracht zoals coachingsuren en lesmateriaal in welke vorm dan ook.<\/p>\n<p><strong>ARTIKEL 12. TUSSENTIJDSE BE\u00cbINDIGING VAN DE OPDRACHT<\/strong><\/p>\n<p><strong>12.1<\/strong>\u00a0Beide partijen kunnen de overeenkomst eenzijdig be\u00ebindigen, indien \u00e9\u00e9n van hen van mening is dat de opdrachtuitvoering niet meer kan plaatshebben conform de bevestigde offerte en eventuele latere additionele opdrachtspecificaties. dit dient gemotiveerd, schriftelijk en tijdig aan de wederpartij te worden bekend gemaakt.<\/p>\n<p><strong>12.2<\/strong>\u00a0Indien door de opdrachtgever tot voortijdige be\u00ebindiging wordt overgegaan door andere redenen dan nalatigheid door opdrachtnemer, heeft Merk je Merk desalniettemin recht op betaling van de volledige, overeengekomen opdrachtsom, inclusief vergoeding van de door haar gemaakte en eventueel nog te maken kosten. Indien de betaling reeds heeft plaatsgevonden vindt er derhalve geen restitutie plaats.<\/p>\n<p><strong>12.3<\/strong>\u00a0Merk je Merk mag van haar bevoegdheid tot voortijdige be\u00ebindiging slechts gebruik maken al ten gevolge van feiten en omstandigheden die zich aan haar invloed onttrekken of haar niet toe te rekenen zijn en waardoor voltooiing van de opdracht in redelijkheid niet van haar kan worden gevergd. Merk je Merk houdt in dat geval in ieder geval aanspraak op betaling van haar werkzaamheden tot aan het moment van be\u00ebindiging.<\/p>\n<p><strong>ARTIKEL 13. AANSPRAKELIJKHEID<\/strong><\/p>\n<p><strong>13.1<\/strong>\u00a0Merk je Merk en haar medewerkers en partners zijn nimmer aansprakelijk voor enige (directe dan wel indirecte) schade welke aan opdrachtgever en\/of aan de cli\u00ebnt is ontstaan door en\/of tijdens het gebruik van door en\/of namens Merk je Merk geleverde zaken en\/of diensten.<\/p>\n<p><strong>13.2<\/strong>\u00a0Daarnaast is Merk je Merk nimmer aansprakelijk voor de kwaliteit of uitkomst van de door haar geleverde diensten, op Merk je Merk rust slechts een inspanningsverplichting. (zie tevens artikel 5).<\/p>\n<p><strong>ARTIKEL 14. INTELLECTUEEL EIGENDOM \/ AUTEURSRECHT<\/strong><\/p>\n<p><strong>14.1<\/strong>\u00a0Modellen, technieken, instrumenten en lesmaterialen die zijn ontwikkeld en\/of gebruikt door Merk je Merk voor de uitvoering van de opdracht zijn en blijven het eigendom van Merk je Merk. Datzelfde geldt ook voor de door Merk je Merk uit te brengen rapportages. De opdrachtgever krijgt slechts het recht deze rapportages binnen haar eigen organisatie te gebruiken. Openbaarmaking van \u00e9\u00e9n of meerdere van deze zaken kan alleen geschieden na vooraf schriftelijk verkregen toestemming van Merk je Merk. Op alle door Merk je Merk ontwikkelde documenten rust van rechtswege het auteursrecht.<\/p>\n<p><strong>ARTIKEL 15. GEHEIMHOUDING<\/strong><\/p>\n<p><strong>15.1<\/strong>\u00a0Merk je Merk is gehouden tot geheimhouding van alles wat haar omtrent haar opdrachtgever is bekend geworden. Merk je Merk houdt zich aan de Wet Persoonsregistratie en zal de gegevens van haar opdrachtgever uitsluitend gebruiken voor de verwerking en administratieve afhandeling van de opdracht. De gegevens van de opdrachtgever zullen niet, tenzij daaraan zwaarwegende juridische redenen ten grondslag liggen, aan derden worden verstrekt.<\/p>\n<p><strong>ARTIKEL 16. BIJZONDERE BEPALINGEN<\/strong><\/p>\n<p><strong>16.1<\/strong>\u00a0Merk je Merk behoudt zich het recht voor om deelnemers van een workshop die door hun gedrag of anderszins het normale verloop van de workshop verstoren of anderszins belemmeren, van deelname uit te sluiten. Uitsluiting zal schriftelijk en gemotiveerd worden medegedeeld aan de opdrachtgever en laat onverlet de verplichting van de opdrachtgever tot betaling van het volledige bedrag van de training of dienst aan Merk je Merk.<\/p>\n<p><strong>16.2<\/strong>\u00a0Voor alle zaken\/ bepalingen waarin deze Algemene Voorwaarden niet voorzien is het Nederlands recht van toepassing.<\/p>\n<p><strong>16.3<\/strong>\u00a0In geval van geschillen doet de bevoegde Nederlandse rechter uitspraak.<\/p>\n","protected":false},"excerpt":{"rendered":"<p>\u00a0ARTIKEL 1. DEFINITIES EN BEGRIPPEN 1.1\u00a0Klant: de persoon of personen ten behoeve van wie Merk je Merk haar diensten verleent. De opdrachtgever en de klant kunnen dezelfde zijn maar dit behoeft niet zo te zijn. 1.2\u00a0Opdrachtgever: de persoon of instantie, dan wel haar eventuele rechtsopvolger(s), die een opdracht aan Merk je Merk heeft verstrekt voor [&hellip;]<\/p>\n","protected":false},"author":3,"featured_media":0,"parent":0,"menu_order":0,"comment_status":"closed","ping_status":"closed","template":"","meta":{"_acf_changed":false,"footnotes":""},"class_list":["post-1297","page","type-page","status-publish","hentry"],"acf":[],"yoast_head":"<!-- This site is optimized with the Yoast SEO plugin v27.5 - https:\/\/yoast.com\/product\/yoast-seo-wordpress\/ -->\n<title>Algemene voorwaarden Merk je Merk - Merk je Merk<\/title>\n<meta name=\"robots\" content=\"index, follow, max-snippet:-1, max-image-preview:large, max-video-preview:-1\" \/>\n<link rel=\"canonical\" href=\"https:\/\/merkjemerk.nl\/2020\/algemene-voorwaarden-merk-je-merk\/\" \/>\n<meta property=\"og:locale\" content=\"nl_NL\" \/>\n<meta property=\"og:type\" content=\"article\" \/>\n<meta property=\"og:title\" content=\"Algemene voorwaarden Merk je Merk - Merk je Merk\" \/>\n<meta property=\"og:description\" content=\"\u00a0ARTIKEL 1. DEFINITIES EN BEGRIPPEN 1.1\u00a0Klant: de persoon of personen ten behoeve van wie Merk je Merk haar diensten verleent. De opdrachtgever en de klant kunnen dezelfde zijn maar dit behoeft niet zo te zijn. 1.2\u00a0Opdrachtgever: de persoon of instantie, dan wel haar eventuele rechtsopvolger(s), die een opdracht aan Merk je Merk heeft verstrekt voor [&hellip;]\" \/>\n<meta property=\"og:url\" content=\"https:\/\/merkjemerk.nl\/2020\/algemene-voorwaarden-merk-je-merk\/\" \/>\n<meta property=\"og:site_name\" content=\"Merk je Merk\" \/>\n<meta property=\"article:modified_time\" content=\"2021-03-01T13:12:32+00:00\" \/>\n<meta name=\"twitter:card\" content=\"summary_large_image\" \/>\n<meta name=\"twitter:label1\" content=\"Geschatte leestijd\" \/>\n\t<meta name=\"twitter:data1\" content=\"10 minuten\" \/>\n<script type=\"application\/ld+json\" class=\"yoast-schema-graph\">{\"@context\":\"https:\\\/\\\/schema.org\",\"@graph\":[{\"@type\":\"WebPage\",\"@id\":\"https:\\\/\\\/merkjemerk.nl\\\/2020\\\/algemene-voorwaarden-merk-je-merk\\\/\",\"url\":\"https:\\\/\\\/merkjemerk.nl\\\/2020\\\/algemene-voorwaarden-merk-je-merk\\\/\",\"name\":\"Algemene voorwaarden Merk je Merk - Merk je Merk\",\"isPartOf\":{\"@id\":\"https:\\\/\\\/merkjemerk.nl\\\/2020\\\/#website\"},\"datePublished\":\"2021-03-01T13:11:17+00:00\",\"dateModified\":\"2021-03-01T13:12:32+00:00\",\"breadcrumb\":{\"@id\":\"https:\\\/\\\/merkjemerk.nl\\\/2020\\\/algemene-voorwaarden-merk-je-merk\\\/#breadcrumb\"},\"inLanguage\":\"nl-NL\",\"potentialAction\":[{\"@type\":\"ReadAction\",\"target\":[\"https:\\\/\\\/merkjemerk.nl\\\/2020\\\/algemene-voorwaarden-merk-je-merk\\\/\"]}]},{\"@type\":\"BreadcrumbList\",\"@id\":\"https:\\\/\\\/merkjemerk.nl\\\/2020\\\/algemene-voorwaarden-merk-je-merk\\\/#breadcrumb\",\"itemListElement\":[{\"@type\":\"ListItem\",\"position\":1,\"name\":\"Home\",\"item\":\"https:\\\/\\\/merkjemerk.nl\\\/2020\\\/\"},{\"@type\":\"ListItem\",\"position\":2,\"name\":\"Algemene voorwaarden Merk je Merk\"}]},{\"@type\":\"WebSite\",\"@id\":\"https:\\\/\\\/merkjemerk.nl\\\/2020\\\/#website\",\"url\":\"https:\\\/\\\/merkjemerk.nl\\\/2020\\\/\",\"name\":\"Merk je Merk\",\"description\":\"Inzet van social media\",\"publisher\":{\"@id\":\"https:\\\/\\\/merkjemerk.nl\\\/2020\\\/#organization\"},\"potentialAction\":[{\"@type\":\"SearchAction\",\"target\":{\"@type\":\"EntryPoint\",\"urlTemplate\":\"https:\\\/\\\/merkjemerk.nl\\\/2020\\\/?s={search_term_string}\"},\"query-input\":{\"@type\":\"PropertyValueSpecification\",\"valueRequired\":true,\"valueName\":\"search_term_string\"}}],\"inLanguage\":\"nl-NL\"},{\"@type\":\"Organization\",\"@id\":\"https:\\\/\\\/merkjemerk.nl\\\/2020\\\/#organization\",\"name\":\"Merk je Merk\",\"url\":\"https:\\\/\\\/merkjemerk.nl\\\/2020\\\/\",\"logo\":{\"@type\":\"ImageObject\",\"inLanguage\":\"nl-NL\",\"@id\":\"https:\\\/\\\/merkjemerk.nl\\\/2020\\\/#\\\/schema\\\/logo\\\/image\\\/\",\"url\":\"https:\\\/\\\/merkjemerk.nl\\\/2020\\\/wp-content\\\/uploads\\\/2020\\\/07\\\/cropped-contact_logo.png\",\"contentUrl\":\"https:\\\/\\\/merkjemerk.nl\\\/2020\\\/wp-content\\\/uploads\\\/2020\\\/07\\\/cropped-contact_logo.png\",\"width\":126,\"height\":172,\"caption\":\"Merk je Merk\"},\"image\":{\"@id\":\"https:\\\/\\\/merkjemerk.nl\\\/2020\\\/#\\\/schema\\\/logo\\\/image\\\/\"}}]}<\/script>\n<!-- \/ Yoast SEO plugin. -->","yoast_head_json":{"title":"Algemene voorwaarden Merk je Merk - Merk je Merk","robots":{"index":"index","follow":"follow","max-snippet":"max-snippet:-1","max-image-preview":"max-image-preview:large","max-video-preview":"max-video-preview:-1"},"canonical":"https:\/\/merkjemerk.nl\/2020\/algemene-voorwaarden-merk-je-merk\/","og_locale":"nl_NL","og_type":"article","og_title":"Algemene voorwaarden Merk je Merk - Merk je Merk","og_description":"\u00a0ARTIKEL 1. DEFINITIES EN BEGRIPPEN 1.1\u00a0Klant: de persoon of personen ten behoeve van wie Merk je Merk haar diensten verleent. De opdrachtgever en de klant kunnen dezelfde zijn maar dit behoeft niet zo te zijn. 1.2\u00a0Opdrachtgever: de persoon of instantie, dan wel haar eventuele rechtsopvolger(s), die een opdracht aan Merk je Merk heeft verstrekt voor [&hellip;]","og_url":"https:\/\/merkjemerk.nl\/2020\/algemene-voorwaarden-merk-je-merk\/","og_site_name":"Merk je Merk","article_modified_time":"2021-03-01T13:12:32+00:00","twitter_card":"summary_large_image","twitter_misc":{"Geschatte leestijd":"10 minuten"},"schema":{"@context":"https:\/\/schema.org","@graph":[{"@type":"WebPage","@id":"https:\/\/merkjemerk.nl\/2020\/algemene-voorwaarden-merk-je-merk\/","url":"https:\/\/merkjemerk.nl\/2020\/algemene-voorwaarden-merk-je-merk\/","name":"Algemene voorwaarden Merk je Merk - Merk je Merk","isPartOf":{"@id":"https:\/\/merkjemerk.nl\/2020\/#website"},"datePublished":"2021-03-01T13:11:17+00:00","dateModified":"2021-03-01T13:12:32+00:00","breadcrumb":{"@id":"https:\/\/merkjemerk.nl\/2020\/algemene-voorwaarden-merk-je-merk\/#breadcrumb"},"inLanguage":"nl-NL","potentialAction":[{"@type":"ReadAction","target":["https:\/\/merkjemerk.nl\/2020\/algemene-voorwaarden-merk-je-merk\/"]}]},{"@type":"BreadcrumbList","@id":"https:\/\/merkjemerk.nl\/2020\/algemene-voorwaarden-merk-je-merk\/#breadcrumb","itemListElement":[{"@type":"ListItem","position":1,"name":"Home","item":"https:\/\/merkjemerk.nl\/2020\/"},{"@type":"ListItem","position":2,"name":"Algemene voorwaarden Merk je Merk"}]},{"@type":"WebSite","@id":"https:\/\/merkjemerk.nl\/2020\/#website","url":"https:\/\/merkjemerk.nl\/2020\/","name":"Merk je Merk","description":"Inzet van social media","publisher":{"@id":"https:\/\/merkjemerk.nl\/2020\/#organization"},"potentialAction":[{"@type":"SearchAction","target":{"@type":"EntryPoint","urlTemplate":"https:\/\/merkjemerk.nl\/2020\/?s={search_term_string}"},"query-input":{"@type":"PropertyValueSpecification","valueRequired":true,"valueName":"search_term_string"}}],"inLanguage":"nl-NL"},{"@type":"Organization","@id":"https:\/\/merkjemerk.nl\/2020\/#organization","name":"Merk je Merk","url":"https:\/\/merkjemerk.nl\/2020\/","logo":{"@type":"ImageObject","inLanguage":"nl-NL","@id":"https:\/\/merkjemerk.nl\/2020\/#\/schema\/logo\/image\/","url":"https:\/\/merkjemerk.nl\/2020\/wp-content\/uploads\/2020\/07\/cropped-contact_logo.png","contentUrl":"https:\/\/merkjemerk.nl\/2020\/wp-content\/uploads\/2020\/07\/cropped-contact_logo.png","width":126,"height":172,"caption":"Merk je Merk"},"image":{"@id":"https:\/\/merkjemerk.nl\/2020\/#\/schema\/logo\/image\/"}}]}},"_links":{"self":[{"href":"https:\/\/merkjemerk.nl\/2020\/wp-json\/wp\/v2\/pages\/1297","targetHints":{"allow":["GET"]}}],"collection":[{"href":"https:\/\/merkjemerk.nl\/2020\/wp-json\/wp\/v2\/pages"}],"about":[{"href":"https:\/\/merkjemerk.nl\/2020\/wp-json\/wp\/v2\/types\/page"}],"author":[{"embeddable":true,"href":"https:\/\/merkjemerk.nl\/2020\/wp-json\/wp\/v2\/users\/3"}],"replies":[{"embeddable":true,"href":"https:\/\/merkjemerk.nl\/2020\/wp-json\/wp\/v2\/comments?post=1297"}],"version-history":[{"count":0,"href":"https:\/\/merkjemerk.nl\/2020\/wp-json\/wp\/v2\/pages\/1297\/revisions"}],"wp:attachment":[{"href":"https:\/\/merkjemerk.nl\/2020\/wp-json\/wp\/v2\/media?parent=1297"}],"curies":[{"name":"wp","href":"https:\/\/api.w.org\/{rel}","templated":true}]}}